{"id":30,"date":"2026-03-20T18:57:56","date_gmt":"2026-03-20T16:57:56","guid":{"rendered":"https:\/\/www.ktmry.fi\/?page_id=30"},"modified":"2026-03-24T21:50:45","modified_gmt":"2026-03-24T19:50:45","slug":"ktmry-kartat","status":"publish","type":"page","link":"https:\/\/www.ktmry.fi\/?page_id=30","title":{"rendered":"KTMry kartat"},"content":{"rendered":"\n<p>Pihtiputaan tontti ja k\u00e4mpp\u00e4:<\/p>\n\n\n\n<p><a href=\"https:\/\/asiointi.maanmittauslaitos.fi\/karttapaikka\/?lang=fi&amp;share=customMarker&amp;n=7032656.92877057&amp;e=410982.4848983541&amp;title=KTMry%20Hyrk%C3%B6n%20K%C3%A4mpp%C3%A4&amp;desc=Karhulan%20Tehtaitten%20Mets%C3%A4st%C3%A4j%C3%A4t%20ry%20Pihtiputaan%20k%C3%A4mpp%C3%A4&amp;zoom=10&amp;layers=W3siaWQiOjgxOSwib3BhY2l0eSI6MTAwfSx7ImlkIjo2MjMsIm9wYWNpdHkiOjEwMH0seyJpZCI6Miwib3BhY2l0eSI6MTAwfV0-z\">https:\/\/asiointi.maanmittauslaitos.fi\/karttapaikka\/?lang=fi&amp;share=customMarker&amp;n=7032656.92877057&amp;e=410982.4848983541&amp;title=KTMry%20Hyrk%C3%B6n%20K%C3%A4mpp%C3%A4&amp;desc=Karhulan%20Tehtaitten%20Mets%C3%A4st%C3%A4j%C3%A4t%20ry%20Pihtiputaan%20k%C3%A4mpp%C3%A4&amp;zoom=10&amp;layers=W3siaWQiOjgxOSwib3BhY2l0eSI6MTAwfSx7ImlkIjo2MjMsIm9wYWNpdHkiOjEwMH0seyJpZCI6Miwib3BhY2l0eSI6MTAwfV0-z<\/a><\/p>\n\n\n\n<p>Leivonm\u00e4ki Pet\u00e4isen tontti ja k\u00e4mpp\u00e4:<\/p>\n\n\n\n<p><a href=\"https:\/\/asiointi.maanmittauslaitos.fi\/karttapaikka\/?lang=fi&amp;share=customMarker&amp;n=6876534.204541449&amp;e=458287.30438911373&amp;title=KTMry%20Pet%C3%A4isen%20k%C3%A4mpp%C3%A4&amp;desc=Karhulan%20Tehtaitten%20Mets%C3%A4st%C3%A4j%C3%A4t%20ry%2C%20Pet%C3%A4isenm%C3%A4en%20tontti%20ja%20k%C3%A4mpp%C3%A4.&amp;zoom=11&amp;layers=W3siaWQiOjgxOSwib3BhY2l0eSI6MTAwfSx7ImlkIjo2MjMsIm9wYWNpdHkiOjEwMH0seyJpZCI6Miwib3BhY2l0eSI6MTAwfV0-z\">https:\/\/asiointi.maanmittauslaitos.fi\/karttapaikka\/?lang=fi&amp;share=customMarker&amp;n=6876534.204541449&amp;e=458287.30438911373&amp;title=KTMry%20Pet%C3%A4isen%20k%C3%A4mpp%C3%A4&amp;desc=Karhulan%20Tehtaitten%20Mets%C3%A4st%C3%A4j%C3%A4t%20ry%2C%20Pet%C3%A4isenm%C3%A4en%20tontti%20ja%20k%C3%A4mpp%C3%A4.&amp;zoom=11&amp;layers=W3siaWQiOjgxOSwib3BhY2l0eSI6MTAwfSx7ImlkIjo2MjMsIm9wYWNpdHkiOjEwMH0seyJpZCI6Miwib3BhY2l0eSI6MTAwfV0-z<\/a><\/p>\n\n\n\n<p>Leivonm\u00e4ki Purok\u00e4mpp\u00e4:<\/p>\n\n\n\n<p><a href=\"https:\/\/asiointi.maanmittauslaitos.fi\/karttapaikka\/?lang=fi&amp;share=customMarker&amp;n=6874788.022804847&amp;e=458140.7366469022&amp;title=KTMry%20Purok%C3%A4mpp%C3%A4&amp;desc=Karhulan%20Tehtaitten%20Mets%C3%A4st%C3%A4j%C3%A4t%20ry%2C%20Joutsan%20Leivonm%C3%A4en%20Purok%C3%A4mpp%C3%A4.&amp;zoom=12&amp;layers=W3siaWQiOjgxOSwib3BhY2l0eSI6MTAwfSx7ImlkIjo2MjMsIm9wYWNpdHkiOjEwMH0seyJpZCI6Miwib3BhY2l0eSI6MTAwfV0-z\">https:\/\/asiointi.maanmittauslaitos.fi\/karttapaikka\/?lang=fi&amp;share=customMarker&amp;n=6874788.022804847&amp;e=458140.7366469022&amp;title=KTMry%20Purok%C3%A4mpp%C3%A4&amp;desc=Karhulan%20Tehtaitten%20Mets%C3%A4st%C3%A4j%C3%A4t%20ry%2C%20Joutsan%20Leivonm%C3%A4en%20Purok%C3%A4mpp%C3%A4.&amp;zoom=12&amp;layers=W3siaWQiOjgxOSwib3BhY2l0eSI6MTAwfSx7ImlkIjo2MjMsIm9wYWNpdHkiOjEwMH0seyJpZCI6Miwib3BhY2l0eSI6MTAwfV0-z<\/a><\/p>\n\n\n\n<p>Kotka, Karhula, Kaarniemen mets\u00e4stysalue 285-402-38-5:<\/p>\n\n\n\n<p><a href=\"https:\/\/asiointi.maanmittauslaitos.fi\/karttapaikka\/?lang=fi&amp;share=customMarker&amp;n=6708595.241872065&amp;e=498421.39062857325&amp;title=KTMry%20Kaarniemen%20mets%C3%A4stysalue&amp;desc=Karhulan%20Tehtaitten%20Mets%C3%A4s%C3%A4t%C3%A4j%C3%A4t%20ry%2C%20Kaarniemen%20mets%C3%A4stysalue%2050%20ha&amp;zoom=11&amp;layers=W3siaWQiOjgxOSwib3BhY2l0eSI6MTAwfSx7ImlkIjo2MjMsIm9wYWNpdHkiOjEwMH0seyJpZCI6Miwib3BhY2l0eSI6MTAwfV0-z\">https:\/\/asiointi.maanmittauslaitos.fi\/karttapaikka\/?lang=fi&amp;share=customMarker&amp;n=6708595.241872065&amp;e=498421.39062857325&amp;title=KTMry%20Kaarniemen%20mets%C3%A4stysalue&amp;desc=Karhulan%20Tehtaitten%20Mets%C3%A4s%C3%A4t%C3%A4j%C3%A4t%20ry%2C%20Kaarniemen%20mets%C3%A4stysalue%2050%20ha&amp;zoom=11&amp;layers=W3siaWQiOjgxOSwib3BhY2l0eSI6MTAwfSx7ImlkIjo2MjMsIm9wYWNpdHkiOjEwMH0seyJpZCI6Miwib3BhY2l0eSI6MTAwfV0-z<\/a><\/p>\n","protected":false},"excerpt":{"rendered":"<p>Pihtiputaan tontti ja k\u00e4mpp\u00e4: https:\/\/asiointi.maanmittauslaitos.fi\/karttapaikka\/?lang=fi&amp;share=customMarker&amp;n=7032656.92877057&amp;e=410982.4848983541&amp;title=KTMry%20Hyrk%C3%B6n%20K%C3%A4mpp%C3%A4&amp;desc=Karhulan%20Tehtaitten%20Mets%C3%A4st%C3%A4j%C3%A4t%20ry%20Pihtiputaan%20k%C3%A4mpp%C3%A4&amp;zoom=10&amp;layers=W3siaWQiOjgxOSwib3BhY2l0eSI6MTAwfSx7ImlkIjo2MjMsIm9wYWNpdHkiOjEwMH0seyJpZCI6Miwib3BhY2l0eSI6MTAwfV0-z Leivonm\u00e4ki Pet\u00e4isen tontti ja k\u00e4mpp\u00e4: https:\/\/asiointi.maanmittauslaitos.fi\/karttapaikka\/?lang=fi&amp;share=customMarker&amp;n=6876534.204541449&amp;e=458287.30438911373&amp;title=KTMry%20Pet%C3%A4isen%20k%C3%A4mpp%C3%A4&amp;desc=Karhulan%20Tehtaitten%20Mets%C3%A4st%C3%A4j%C3%A4t%20ry%2C%20Pet%C3%A4isenm%C3%A4en%20tontti%20ja%20k%C3%A4mpp%C3%A4.&amp;zoom=11&amp;layers=W3siaWQiOjgxOSwib3BhY2l0eSI6MTAwfSx7ImlkIjo2MjMsIm9wYWNpdHkiOjEwMH0seyJpZCI6Miwib3BhY2l0eSI6MTAwfV0-z Leivonm\u00e4ki Purok\u00e4mpp\u00e4: https:\/\/asiointi.maanmittauslaitos.fi\/karttapaikka\/?lang=fi&amp;share=customMarker&amp;n=6874788.022804847&amp;e=458140.7366469022&amp;title=KTMry%20Purok%C3%A4mpp%C3%A4&amp;desc=Karhulan%20Tehtaitten%20Mets%C3%A4st%C3%A4j%C3%A4t%20ry%2C%20Joutsan%20Leivonm%C3%A4en%20Purok%C3%A4mpp%C3%A4.&amp;zoom=12&amp;layers=W3siaWQiOjgxOSwib3BhY2l0eSI6MTAwfSx7ImlkIjo2MjMsIm9wYWNpdHkiOjEwMH0seyJpZCI6Miwib3BhY2l0eSI6MTAwfV0-z Kotka, Karhula, Kaarniemen mets\u00e4stysalue 285-402-38-5: https:\/\/asiointi.maanmittauslaitos.fi\/karttapaikka\/?lang=fi&amp;share=customMarker&amp;n=6708595.241872065&amp;e=498421.39062857325&amp;title=KTMry%20Kaarniemen%20mets%C3%A4stysalue&amp;desc=Karhulan%20Tehtaitten%20Mets%C3%A4s%C3%A4t%C3%A4j%C3%A4t%20ry%2C%20Kaarniemen%20mets%C3%A4stysalue%2050%20ha&amp;zoom=11&amp;layers=W3siaWQiOjgxOSwib3BhY2l0eSI6MTAwfSx7ImlkIjo2MjMsIm9wYWNpdHkiOjEwMH0seyJpZCI6Miwib3BhY2l0eSI6MTAwfV0-z<\/p>\n","protected":false},"author":1,"featured_media":0,"parent":0,"menu_order":0,"comment_status":"closed","ping_status":"closed","template":"","meta":{"site-sidebar-layout":"default","site-content-layout":"","ast-site-content-layout":"default","site-content-style":"default","site-sidebar-style":"default","ast-global-header-display":"","ast-banner-title-visibility":"","ast-main-header-display":"","ast-hfb-above-header-display":"","ast-hfb-below-header-display":"","ast-hfb-mobile-header-display":"","site-post-title":"","ast-breadcrumbs-content":"","ast-featured-img":"","footer-sml-layout":"","ast-disable-related-posts":"","theme-transparent-header-meta":"","adv-header-id-meta":"","stick-header-meta":"","header-above-stick-meta":"","header-main-stick-meta":"","header-below-stick-meta":"","astra-migrate-meta-layouts":"default","ast-page-background-enabled":"default","ast-page-background-meta":{"desktop":{"background-color":"var(--ast-global-color-5)","background-image":"","background-repeat":"repeat","background-position":"center center","background-size":"auto","background-attachment":"scroll","background-type":"","background-media":"","overlay-type":"","overlay-color":"","overlay-opacity":"","overlay-gradient":""},"tablet":{"background-color":"","background-image":"","background-repeat":"repeat","background-position":"center center","background-size":"auto","background-attachment":"scroll","background-type":"","background-media":"","overlay-type":"","overlay-color":"","overlay-opacity":"","overlay-gradient":""},"mobile":{"background-color":"","background-image":"","background-repeat":"repeat","background-position":"center center","background-size":"auto","background-attachment":"scroll","background-type":"","background-media":"","overlay-type":"","overlay-color":"","overlay-opacity":"","overlay-gradient":""}},"ast-content-background-meta":{"desktop":{"background-color":"var(--ast-global-color-4)","background-image":"","background-repeat":"repeat","background-position":"center center","background-size":"auto","background-attachment":"scroll","background-type":"","background-media":"","overlay-type":"","overlay-color":"","overlay-opacity":"","overlay-gradient":""},"tablet":{"background-color":"var(--ast-global-color-4)","background-image":"","background-repeat":"repeat","background-position":"center center","background-size":"auto","background-attachment":"scroll","background-type":"","background-media":"","overlay-type":"","overlay-color":"","overlay-opacity":"","overlay-gradient":""},"mobile":{"background-color":"var(--ast-global-color-4)","background-image":"","background-repeat":"repeat","background-position":"center center","background-size":"auto","background-attachment":"scroll","background-type":"","background-media":"","overlay-type":"","overlay-color":"","overlay-opacity":"","overlay-gradient":""}},"footnotes":""},"class_list":["post-30","page","type-page","status-publish","hentry"],"_links":{"self":[{"href":"https:\/\/www.ktmry.fi\/index.php?rest_route=\/wp\/v2\/pages\/30","targetHints":{"allow":["GET"]}}],"collection":[{"href":"https:\/\/www.ktmry.fi\/index.php?rest_route=\/wp\/v2\/pages"}],"about":[{"href":"https:\/\/www.ktmry.fi\/index.php?rest_route=\/wp\/v2\/types\/page"}],"author":[{"embeddable":true,"href":"https:\/\/www.ktmry.fi\/index.php?rest_route=\/wp\/v2\/users\/1"}],"replies":[{"embeddable":true,"href":"https:\/\/www.ktmry.fi\/index.php?rest_route=%2Fwp%2Fv2%2Fcomments&post=30"}],"version-history":[{"count":4,"href":"https:\/\/www.ktmry.fi\/index.php?rest_route=\/wp\/v2\/pages\/30\/revisions"}],"predecessor-version":[{"id":58,"href":"https:\/\/www.ktmry.fi\/index.php?rest_route=\/wp\/v2\/pages\/30\/revisions\/58"}],"wp:attachment":[{"href":"https:\/\/www.ktmry.fi\/index.php?rest_route=%2Fwp%2Fv2%2Fmedia&parent=30"}],"curies":[{"name":"wp","href":"https:\/\/api.w.org\/{rel}","templated":true}]}}