{"id":2,"date":"2024-03-07T16:03:13","date_gmt":"2024-03-07T16:03:13","guid":{"rendered":"https:\/\/www.ktmry.fi\/?page_id=2"},"modified":"2026-03-27T14:50:27","modified_gmt":"2026-03-27T12:50:27","slug":"sample-page","status":"publish","type":"page","link":"https:\/\/www.ktmry.fi\/?page_id=2","title":{"rendered":"Toimintakalenteri 2026"},"content":{"rendered":"\n<div class=\"wp-block-group alignfull is-layout-constrained wp-block-group-is-layout-constrained\">\n<div class=\"wp-block-cover alignfull has-custom-content-position is-position-bottom-left\" style=\"min-height:275px;aspect-ratio:unset;\"><img loading=\"lazy\" decoding=\"async\" width=\"1024\" height=\"681\" class=\"wp-block-cover__image-background wp-image-8\" alt=\"\" src=\"https:\/\/www.ktmry.fi\/wp-content\/uploads\/2026\/03\/DSC_0274-1024x681.jpg\" style=\"object-position:39% 42%\" data-object-fit=\"cover\" data-object-position=\"39% 42%\" srcset=\"https:\/\/www.ktmry.fi\/wp-content\/uploads\/2026\/03\/DSC_0274-1024x681.jpg 1024w, https:\/\/www.ktmry.fi\/wp-content\/uploads\/2026\/03\/DSC_0274-300x199.jpg 300w, https:\/\/www.ktmry.fi\/wp-content\/uploads\/2026\/03\/DSC_0274-768x511.jpg 768w, https:\/\/www.ktmry.fi\/wp-content\/uploads\/2026\/03\/DSC_0274-1536x1021.jpg 1536w, https:\/\/www.ktmry.fi\/wp-content\/uploads\/2026\/03\/DSC_0274-2048x1362.jpg 2048w\" sizes=\"auto, (max-width: 1024px) 100vw, 1024px\" \/><span aria-hidden=\"true\" class=\"wp-block-cover__background has-background-dim\"><\/span><div class=\"wp-block-cover__inner-container is-layout-flow wp-block-cover-is-layout-flow\">\n<h3 class=\"wp-block-heading has-text-align-left\"><mark style=\"background-color:rgba(0, 0, 0, 0)\" class=\"has-inline-color has-contrast-3-color\">Karhulan Tehtaitten Mets\u00e4st\u00e4j\u00e4t ry<\/mark><\/h3>\n<\/div><\/div>\n<\/div>\n\n\n\n<p>KARHULAN TEHTAITTEN METS\u00c4ST\u00c4J\u00c4T ry<\/p>\n\n\n\n<h2 class=\"wp-block-heading\">Kev\u00e4t 2026 toimintaa<\/h2>\n\n\n\n<p><strong>Vuosikokous<\/strong> pidettiin keskiviikkona 25.3.2026 klo 18 Laajakosken Kyl\u00e4tuvalla, osoite Pekanojantie 84, 48750 Kotka.<\/p>\n\n\n\n<p><strong>Leivonm\u00e4en talkoot<\/strong>, vuosikokouksen j\u00e4lkeen ajankohta on siirretty viikonlopuksi 18.-19.huhtikuuta 2026, ilmoittautuminen k\u00e4mpp\u00e4is\u00e4nn\u00e4lle. <\/p>\n\n\n\n<p><strong>Pihtiputaan talkoot<\/strong> pidet\u00e4\u00e4n 30.-31.toukokuuta 2026, ilmoittautuminen k\u00e4mpp\u00e4is\u00e4nn\u00e4lle.<\/p>\n\n\n\n<p>&#8212;&#8212;-<\/p>\n\n\n\n<p><strong>AMMUNTA<\/strong>:<\/p>\n\n\n\n<p><strong>Ilmahirviharjoitukset<\/strong> talvikaudella Mussalon sis\u00e4ampumaradalla (KAS rata) keskiviikkoisin klo 17. Radalla k\u00e4yt\u00f6ss\u00e4 4 asetta ja luodit 5 euroa per ilta maksua vastaan. Maksu sis\u00e4lt\u00e4\u00e4 niin monta kierrosta kuin haluaa.<\/p>\n\n\n\n<p><strong>Haulikkoammunnat<\/strong> Kivim\u00e4ess\u00e4 aloitetaan toukokuussa, aloitusp\u00e4iv\u00e4 tiedotetaan my\u00f6hemmin.<\/p>\n\n\n\n<p><strong>Hirviammunnat<\/strong> aloitetaan touko-kes\u00e4kuun vaihteessa, aloitusp\u00e4iv\u00e4 tiedotetaan my\u00f6hemmin.<\/p>\n\n\n\n<p><strong>Kiv\u00e4\u00e4ri- ja pistooliammunnat<\/strong> omatoimisesti Lupinm\u00e4en ampumaradalla <a href=\"https:\/\/maavoimat.fi\/harjoitus-ja-ampuma-alueiden-varaukset\" data-type=\"link\" data-id=\"https:\/\/maavoimat.fi\/harjoitus-ja-ampuma-alueiden-varaukset\">Maasotakoulun vuorolistan<\/a> mukaisilla varatuilla vuoroilla.<\/p>\n\n\n\n<figure class=\"wp-block-image size-full\"><img loading=\"lazy\" decoding=\"async\" width=\"465\" height=\"142\" src=\"https:\/\/www.ktmry.fi\/wp-content\/uploads\/2026\/03\/kuva-1.png\" alt=\"\" class=\"wp-image-61\" srcset=\"https:\/\/www.ktmry.fi\/wp-content\/uploads\/2026\/03\/kuva-1.png 465w, https:\/\/www.ktmry.fi\/wp-content\/uploads\/2026\/03\/kuva-1-300x92.png 300w\" sizes=\"auto, (max-width: 465px) 100vw, 465px\" \/><\/figure>\n\n\n\n<p>&#8212;&#8212;&#8211;<\/p>\n","protected":false},"excerpt":{"rendered":"<p>KARHULAN TEHTAITTEN METS\u00c4ST\u00c4J\u00c4T ry Kev\u00e4t 2026 toimintaa Vuosikokous pidettiin keskiviikkona 25.3.2026 klo 18 Laajakosken Kyl\u00e4tuvalla, osoite Pekanojantie 84, 48750 Kotka. [&hellip;]<\/p>\n","protected":false},"author":1,"featured_media":0,"parent":0,"menu_order":0,"comment_status":"closed","ping_status":"open","template":"","meta":{"site-sidebar-layout":"default","site-content-layout":"","ast-site-content-layout":"default","site-content-style":"default","site-sidebar-style":"default","ast-global-header-display":"","ast-banner-title-visibility":"","ast-main-header-display":"","ast-hfb-above-header-display":"","ast-hfb-below-header-display":"","ast-hfb-mobile-header-display":"","site-post-title":"","ast-breadcrumbs-content":"","ast-featured-img":"","footer-sml-layout":"","ast-disable-related-posts":"","theme-transparent-header-meta":"","adv-header-id-meta":"","stick-header-meta":"","header-above-stick-meta":"","header-main-stick-meta":"","header-below-stick-meta":"","astra-migrate-meta-layouts":"default","ast-page-background-enabled":"default","ast-page-background-meta":{"desktop":{"background-color":"var(--ast-global-color-5)","background-image":"","background-repeat":"repeat","background-position":"center center","background-size":"auto","background-attachment":"scroll","background-type":"","background-media":"","overlay-type":"","overlay-color":"","overlay-opacity":"","overlay-gradient":""},"tablet":{"background-color":"","background-image":"","background-repeat":"repeat","background-position":"center center","background-size":"auto","background-attachment":"scroll","background-type":"","background-media":"","overlay-type":"","overlay-color":"","overlay-opacity":"","overlay-gradient":""},"mobile":{"background-color":"","background-image":"","background-repeat":"repeat","background-position":"center center","background-size":"auto","background-attachment":"scroll","background-type":"","background-media":"","overlay-type":"","overlay-color":"","overlay-opacity":"","overlay-gradient":""}},"ast-content-background-meta":{"desktop":{"background-color":"var(--ast-global-color-4)","background-image":"","background-repeat":"repeat","background-position":"center center","background-size":"auto","background-attachment":"scroll","background-type":"","background-media":"","overlay-type":"","overlay-color":"","overlay-opacity":"","overlay-gradient":""},"tablet":{"background-color":"var(--ast-global-color-4)","background-image":"","background-repeat":"repeat","background-position":"center center","background-size":"auto","background-attachment":"scroll","background-type":"","background-media":"","overlay-type":"","overlay-color":"","overlay-opacity":"","overlay-gradient":""},"mobile":{"background-color":"var(--ast-global-color-4)","background-image":"","background-repeat":"repeat","background-position":"center center","background-size":"auto","background-attachment":"scroll","background-type":"","background-media":"","overlay-type":"","overlay-color":"","overlay-opacity":"","overlay-gradient":""}},"footnotes":""},"class_list":["post-2","page","type-page","status-publish","hentry"],"_links":{"self":[{"href":"https:\/\/www.ktmry.fi\/index.php?rest_route=\/wp\/v2\/pages\/2","targetHints":{"allow":["GET"]}}],"collection":[{"href":"https:\/\/www.ktmry.fi\/index.php?rest_route=\/wp\/v2\/pages"}],"about":[{"href":"https:\/\/www.ktmry.fi\/index.php?rest_route=\/wp\/v2\/types\/page"}],"author":[{"embeddable":true,"href":"https:\/\/www.ktmry.fi\/index.php?rest_route=\/wp\/v2\/users\/1"}],"replies":[{"embeddable":true,"href":"https:\/\/www.ktmry.fi\/index.php?rest_route=%2Fwp%2Fv2%2Fcomments&post=2"}],"version-history":[{"count":11,"href":"https:\/\/www.ktmry.fi\/index.php?rest_route=\/wp\/v2\/pages\/2\/revisions"}],"predecessor-version":[{"id":67,"href":"https:\/\/www.ktmry.fi\/index.php?rest_route=\/wp\/v2\/pages\/2\/revisions\/67"}],"wp:attachment":[{"href":"https:\/\/www.ktmry.fi\/index.php?rest_route=%2Fwp%2Fv2%2Fmedia&parent=2"}],"curies":[{"name":"wp","href":"https:\/\/api.w.org\/{rel}","templated":true}]}}